{"id":11,"date":"2015-08-21T15:01:23","date_gmt":"2015-08-21T15:01:23","guid":{"rendered":"http:\/\/e-nable-latinoamerica.com\/?page_id=11"},"modified":"2016-08-26T02:37:53","modified_gmt":"2016-08-26T02:37:53","slug":"3d-scanner","status":"publish","type":"page","link":"https:\/\/e-nable.co\/index.php\/3d-scanner\/","title":{"rendered":"3D-Scanner"},"content":{"rendered":"<div class=\"alignright\">\n<p><a href=\"https:\/\/e-nable.co\/wp-content\/uploads\/2015\/08\/scan-textured.png\" class=\"grouped_elements\" rel=\"tc-fancybox-group11\"><img loading=\"lazy\" decoding=\"async\" class=\"alignnone size-full wp-image-99\" src=\"https:\/\/e-nable.co\/wp-content\/uploads\/2015\/08\/Diapositiva22.png\" alt=\"Diapositiva22\" width=\"1280\" height=\"720\" srcset=\"https:\/\/e-nable.co\/wp-content\/uploads\/2015\/08\/Diapositiva22.png 1280w, https:\/\/e-nable.co\/wp-content\/uploads\/2015\/08\/Diapositiva22-300x169.png 300w, https:\/\/e-nable.co\/wp-content\/uploads\/2015\/08\/Diapositiva22-768x432.png 768w, https:\/\/e-nable.co\/wp-content\/uploads\/2015\/08\/Diapositiva22-1024x576.png 1024w\" sizes=\"auto, (max-width: 1280px) 100vw, 1280px\" \/><br \/>\n<img loading=\"lazy\" decoding=\"async\" class=\"size-full wp-image-68 alignnone\" src=\"https:\/\/e-nable.co\/wp-content\/uploads\/2015\/08\/scan-textured.png\" alt=\"scan-textured\" width=\"184\" height=\"168\" \/><\/a><\/p>\n<p><a href=\"https:\/\/e-nable.co\/wp-content\/uploads\/2015\/08\/scan-green.png\" class=\"grouped_elements\" rel=\"tc-fancybox-group11\"><img loading=\"lazy\" decoding=\"async\" class=\"size-full wp-image-69 alignleft\" src=\"https:\/\/e-nable.co\/wp-content\/uploads\/2015\/08\/scan-green.png\" alt=\"scan-green\" width=\"184\" height=\"168\" \/><\/a><\/p>\n<\/div>\n<p>Un \u00a0escaner 3D es un dispositivo que analiza un objeto o escena para recopilar datos de su forma y as\u00ed mismo de su color. La informaci\u00f3n obtenida se puede utilizar para construir modelos digitales tridimensionales que se utilizan en una amplia variedad de aplicaciones. Originalmente desarrollado para aplicaciones industriales (metrolog\u00eda, e ingenier\u00eda inversa en la industria de autom\u00f3viles), han encontrado una amplia gama de aplicaciones en actividades tales como la arqueolog\u00eda, arquitectura, ingenier\u00eda, entretenimiento y biomec\u00e1nica.<\/p>\n<p>A 3D scanner is a device that scans an object or scene to gather data from their shape and occasionally color. The information obtained can be used to construct three-dimensional digital models that are used in a wide variety of applications. Originally developed for industrial applications (metrology, car), have found a wide range of applications in activities such as archeology, architecture, engineering, and entertainment, biomechanics (in production of movies and video games).<\/p>\n<p><iframe loading=\"lazy\" width=\"1170\" height=\"658\" src=\"https:\/\/www.youtube.com\/embed\/A3gt0AsmxKM?feature=oembed\" frameborder=\"0\" allowfullscreen><\/iframe><\/p>\n","protected":false},"excerpt":{"rendered":"<p>Un \u00a0escaner 3D es un dispositivo que analiza un objeto o escena para recopilar datos de su forma y as\u00ed mismo de su color. La informaci\u00f3n obtenida se puede utilizar para construir modelos digitales tridimensionales que se utilizan en una amplia variedad de aplicaciones. Originalmente desarrollado para aplicaciones industriales (metrolog\u00eda, e ingenier\u00eda inversa en la [&hellip;]<\/p>\n","protected":false},"author":1,"featured_media":0,"parent":0,"menu_order":0,"comment_status":"closed","ping_status":"open","template":"","meta":{"footnotes":""},"class_list":["post-11","page","type-page","status-publish","hentry"],"_links":{"self":[{"href":"https:\/\/e-nable.co\/index.php\/wp-json\/wp\/v2\/pages\/11","targetHints":{"allow":["GET"]}}],"collection":[{"href":"https:\/\/e-nable.co\/index.php\/wp-json\/wp\/v2\/pages"}],"about":[{"href":"https:\/\/e-nable.co\/index.php\/wp-json\/wp\/v2\/types\/page"}],"author":[{"embeddable":true,"href":"https:\/\/e-nable.co\/index.php\/wp-json\/wp\/v2\/users\/1"}],"replies":[{"embeddable":true,"href":"https:\/\/e-nable.co\/index.php\/wp-json\/wp\/v2\/comments?post=11"}],"version-history":[{"count":5,"href":"https:\/\/e-nable.co\/index.php\/wp-json\/wp\/v2\/pages\/11\/revisions"}],"predecessor-version":[{"id":101,"href":"https:\/\/e-nable.co\/index.php\/wp-json\/wp\/v2\/pages\/11\/revisions\/101"}],"wp:attachment":[{"href":"https:\/\/e-nable.co\/index.php\/wp-json\/wp\/v2\/media?parent=11"}],"curies":[{"name":"wp","href":"https:\/\/api.w.org\/{rel}","templated":true}]}}