{"id":13,"date":"2015-08-21T15:04:02","date_gmt":"2015-08-21T15:04:02","guid":{"rendered":"http:\/\/e-nable-latinoamerica.com\/?page_id=13"},"modified":"2016-12-25T03:11:28","modified_gmt":"2016-12-25T03:11:28","slug":"nosostros-about-us","status":"publish","type":"page","link":"https:\/\/e-nable.co\/index.php\/nosostros-about-us\/","title":{"rendered":"Nosotros &#8211; About us"},"content":{"rendered":"<p><iframe loading=\"lazy\" width=\"1170\" height=\"658\" src=\"https:\/\/www.youtube.com\/embed\/pHZybxyFuP0?feature=oembed\" frameborder=\"0\" allowfullscreen><\/iframe><\/p>\n<p><strong>Materializacion 3D es una organizacion transparente y abierta a la comunidad.<\/strong><\/p>\n<p><iframe loading=\"lazy\" width=\"1170\" height=\"658\" src=\"https:\/\/www.youtube.com\/embed\/vsHeHDgduFc?feature=oembed\" frameborder=\"0\" allowfullscreen><\/iframe><\/p>\n<p>&nbsp;<\/p>\n<p>Buscanos en facebook en https:\/\/www.facebook.com\/materializacion3d\/\u00a0 \u00a0<img loading=\"lazy\" decoding=\"async\" class=\"https:\/\/www.facebook.com\/materializacion3d\/ alignnone wp-image-115\" title=\"https:\/\/www.facebook.com\/materializacion3d\/\u00a0\" src=\"https:\/\/e-nable.co\/wp-content\/uploads\/2015\/08\/facebook-f-logo.png\" width=\"98\" height=\"98\" srcset=\"https:\/\/e-nable.co\/wp-content\/uploads\/2015\/08\/facebook-f-logo.png 1600w, https:\/\/e-nable.co\/wp-content\/uploads\/2015\/08\/facebook-f-logo-150x150.png 150w, https:\/\/e-nable.co\/wp-content\/uploads\/2015\/08\/facebook-f-logo-300x300.png 300w, https:\/\/e-nable.co\/wp-content\/uploads\/2015\/08\/facebook-f-logo-768x768.png 768w, https:\/\/e-nable.co\/wp-content\/uploads\/2015\/08\/facebook-f-logo-1024x1024.png 1024w\" sizes=\"auto, (max-width: 98px) 100vw, 98px\" \/><\/p>\n<p><strong>Somos una organizaci\u00f3n sin \u00e1nimo de lucro ligada a la red e-NABLE enfocada en temas de biomec\u00e1nica e impresi\u00f3n 3D y mejora de la calidad de vida a partir del uso de la tecnolog\u00eda<\/strong><br \/>\nWe are a non profit organization in biomechanics technology and 3D printing, focus in improving the quality of life of many people using tecnology as tool<\/p>\n<p><strong>Comenzamos una fundaci\u00f3n que permite a las personas la libertad que necesitan para hacer sus dispositivos biomec\u00e1nicos impresos en 3D una realidad. Construimos sobre la filosof\u00eda de la libertad.<\/strong><br \/>\nWe started a non profit organization that allows people the freedom they need to get their 3D prosthesis done. Built upon the philosophy of freedom.<\/p>\n<p><strong>Nuestra alta calidad, velocidad, personalizaci\u00f3n, bajo costo y poco peso de nuestros dise\u00f1os encarnan el esp\u00edritu de nuestra fundaci\u00f3n. Como parte de la revoluci\u00f3n, ponemos el poder de nuevo en sus manos.<\/strong><br \/>\nOur high-quality, speed and cost-effective solution embodies the spirit of our foundation. As part of the revolution, we put the power back in your hands.<\/p>\n<p><strong>Nuestra tecnolog\u00eda le permite dise\u00f1ar y fabricar pr\u00e1cticamente en cualquier lugar sus dispositivos biomec\u00e1nicos impresos en 3D, ya sea de fabricaci\u00f3n a corto plazo o de prototipado r\u00e1pido. Desde innovadores, prototipadores, fabricantes, aficionados, voluntarios, ingenieros, terapistas o m\u00e9dicos-como fundaci\u00f3n estamos avanzando en el mundo de la impresi\u00f3n 3D y las nuevas tecnologias.<\/strong><br \/>\nOur technology allows you to design and manufacture virtually anywhere your prosthesis, whether that\u2019s short-run manufacturing or rapid prototyping. From innovators, prototypers, manufacturers, hobbyists, engineers therapist or medical\u2014as a charitable foundation we are advancing the world of 3D printing.<\/p>\n<p>\u2022 Misi\u00f3n:<\/p>\n<p>Donar dispositivos biomec\u00e1nicos impresos en 3D a personas de escasos recursos utilizando tecnologia de punta.<br \/>\n\u2022 Visi\u00f3n:<\/p>\n<p>Construir una comunidad con el prop\u00f3sito de donar dispositivos biomec\u00e1nicos impresos en 3D.<br \/>\n\u2022 Objetivo:<\/p>\n<p>Mejorar la calidad de vida de las personas con amputaciones y malformaciones cong\u00e9nitas.<\/p>\n<p>&nbsp;<\/p>\n<p><a href=\"https:\/\/e-nable.co\/wp-content\/uploads\/2015\/08\/nosostros_objetivos.jpg\" class=\"grouped_elements\" rel=\"tc-fancybox-group13\"><img loading=\"lazy\" decoding=\"async\" class=\"alignnone size-full wp-image-48\" src=\"https:\/\/e-nable.co\/wp-content\/uploads\/2015\/08\/nosostros_objetivos.jpg\" alt=\"nosostros_objetivos\" width=\"924\" height=\"520\" srcset=\"https:\/\/e-nable.co\/wp-content\/uploads\/2015\/08\/nosostros_objetivos.jpg 924w, https:\/\/e-nable.co\/wp-content\/uploads\/2015\/08\/nosostros_objetivos-300x169.jpg 300w, https:\/\/e-nable.co\/wp-content\/uploads\/2015\/08\/nosostros_objetivos-768x432.jpg 768w\" sizes=\"auto, (max-width: 924px) 100vw, 924px\" \/><\/a><\/p>\n<p><a href=\"https:\/\/e-nable.co\/wp-content\/uploads\/2015\/08\/nosostros_impresion.jpg\" class=\"grouped_elements\" rel=\"tc-fancybox-group13\"><img loading=\"lazy\" decoding=\"async\" class=\"alignnone size-full wp-image-51\" src=\"https:\/\/e-nable.co\/wp-content\/uploads\/2015\/08\/nosostros_impresion.jpg\" alt=\"nosostros_impresion\" width=\"920\" height=\"521\" srcset=\"https:\/\/e-nable.co\/wp-content\/uploads\/2015\/08\/nosostros_impresion.jpg 920w, https:\/\/e-nable.co\/wp-content\/uploads\/2015\/08\/nosostros_impresion-300x170.jpg 300w, https:\/\/e-nable.co\/wp-content\/uploads\/2015\/08\/nosostros_impresion-768x435.jpg 768w\" sizes=\"auto, (max-width: 920px) 100vw, 920px\" \/><\/a><\/p>\n<p>Mission:<\/p>\n<p>To Donate prosthesis hand to people with low incomes.<\/p>\n<p>Vision:<\/p>\n<p>To Build a community with the purpose of donate prosthesis.<\/p>\n<p>Objectives:<\/p>\n<p>To Improve the quality of life of the people with amputations.<\/p>\n<p><img loading=\"lazy\" decoding=\"async\" class=\"alignnone wp-image-105 size-full\" src=\"https:\/\/e-nable.co\/wp-content\/uploads\/2015\/08\/Diapositiva15.jpg\" width=\"1280\" height=\"720\" srcset=\"https:\/\/e-nable.co\/wp-content\/uploads\/2015\/08\/Diapositiva15.jpg 1280w, https:\/\/e-nable.co\/wp-content\/uploads\/2015\/08\/Diapositiva15-300x169.jpg 300w, https:\/\/e-nable.co\/wp-content\/uploads\/2015\/08\/Diapositiva15-768x432.jpg 768w, https:\/\/e-nable.co\/wp-content\/uploads\/2015\/08\/Diapositiva15-1024x576.jpg 1024w\" sizes=\"auto, (max-width: 1280px) 100vw, 1280px\" \/><\/p>\n<p>E-Nable in media, TV, News<\/p>\n<p><iframe loading=\"lazy\" width=\"1170\" height=\"878\" src=\"https:\/\/www.youtube.com\/embed\/lYb5tT4hMBY?feature=oembed\" frameborder=\"0\" allowfullscreen><\/iframe><\/p>\n<p><iframe loading=\"lazy\" width=\"1170\" height=\"878\" src=\"https:\/\/www.youtube.com\/embed\/AKA_gJA7Kj4?feature=oembed\" frameborder=\"0\" allowfullscreen><\/iframe><\/p>\n<p><iframe loading=\"lazy\" width=\"1170\" height=\"658\" src=\"https:\/\/www.youtube.com\/embed\/68bgY2fbswA?feature=oembed\" frameborder=\"0\" allowfullscreen><\/iframe><\/p>\n<p><iframe loading=\"lazy\" width=\"1170\" height=\"878\" src=\"https:\/\/www.youtube.com\/embed\/KXw4xEsTlac?feature=oembed\" frameborder=\"0\" allowfullscreen><\/iframe><\/p>\n<p><iframe loading=\"lazy\" width=\"1170\" height=\"658\" src=\"https:\/\/www.youtube.com\/embed\/l4WzCMKZOoo?feature=oembed\" frameborder=\"0\" allowfullscreen><\/iframe><\/p>\n<p><iframe loading=\"lazy\" width=\"1170\" height=\"878\" src=\"https:\/\/www.youtube.com\/embed\/_nB8lrK_7kM?feature=oembed\" frameborder=\"0\" allowfullscreen><\/iframe><\/p>\n<p><iframe loading=\"lazy\" width=\"1170\" height=\"658\" src=\"https:\/\/www.youtube.com\/embed\/YB-wp3r8geE?feature=oembed\" frameborder=\"0\" allowfullscreen><\/iframe><\/p>\n<p><iframe loading=\"lazy\" width=\"1170\" height=\"658\" src=\"https:\/\/www.youtube.com\/embed\/-G0YHIF4QmI?feature=oembed\" frameborder=\"0\" allowfullscreen><\/iframe><\/p>\n<p><iframe loading=\"lazy\" width=\"1170\" height=\"658\" src=\"https:\/\/www.youtube.com\/embed\/uDImtt4GxNs?feature=oembed\" frameborder=\"0\" allowfullscreen><\/iframe><\/p>\n<p><iframe loading=\"lazy\" width=\"1170\" height=\"658\" src=\"https:\/\/www.youtube.com\/embed\/mOAYKcMV8Gw?feature=oembed\" frameborder=\"0\" allowfullscreen><\/iframe><\/p>\n<p><iframe loading=\"lazy\" width=\"1170\" height=\"658\" src=\"https:\/\/www.youtube.com\/embed\/n4cj7vtRbdY?feature=oembed\" frameborder=\"0\" allowfullscreen><\/iframe><\/p>\n<p><iframe loading=\"lazy\" width=\"1170\" height=\"658\" src=\"https:\/\/www.youtube.com\/embed\/JDDa-UIxHk0?feature=oembed\" frameborder=\"0\" allowfullscreen><\/iframe><\/p>\n<p><iframe loading=\"lazy\" width=\"1170\" height=\"658\" src=\"https:\/\/www.youtube.com\/embed\/bvgddnVkbvc?feature=oembed\" frameborder=\"0\" allowfullscreen><\/iframe><\/p>\n<p><iframe loading=\"lazy\" width=\"1170\" height=\"658\" src=\"https:\/\/www.youtube.com\/embed\/xxvRBnZOe-s?feature=oembed\" frameborder=\"0\" allowfullscreen><\/iframe><\/p>\n<p><iframe loading=\"lazy\" width=\"1170\" height=\"658\" src=\"https:\/\/www.youtube.com\/embed\/U-ut4ID9kcE?feature=oembed\" frameborder=\"0\" allowfullscreen><\/iframe><\/p>\n<p><iframe loading=\"lazy\" width=\"1170\" height=\"658\" src=\"https:\/\/www.youtube.com\/embed\/Ggx-cthRFMw?feature=oembed\" frameborder=\"0\" allowfullscreen><\/iframe><\/p>\n","protected":false},"excerpt":{"rendered":"<p>Materializacion 3D es una organizacion transparente y abierta a la comunidad. &nbsp; Buscanos en facebook en https:\/\/www.facebook.com\/materializacion3d\/\u00a0 \u00a0 Somos una organizaci\u00f3n sin \u00e1nimo de lucro ligada a la red e-NABLE enfocada en temas de biomec\u00e1nica e impresi\u00f3n 3D y mejora de la calidad de vida a partir del uso de la tecnolog\u00eda We are a [&hellip;]<\/p>\n","protected":false},"author":1,"featured_media":0,"parent":0,"menu_order":0,"comment_status":"closed","ping_status":"open","template":"","meta":{"footnotes":""},"class_list":["post-13","page","type-page","status-publish","hentry"],"_links":{"self":[{"href":"https:\/\/e-nable.co\/index.php\/wp-json\/wp\/v2\/pages\/13","targetHints":{"allow":["GET"]}}],"collection":[{"href":"https:\/\/e-nable.co\/index.php\/wp-json\/wp\/v2\/pages"}],"about":[{"href":"https:\/\/e-nable.co\/index.php\/wp-json\/wp\/v2\/types\/page"}],"author":[{"embeddable":true,"href":"https:\/\/e-nable.co\/index.php\/wp-json\/wp\/v2\/users\/1"}],"replies":[{"embeddable":true,"href":"https:\/\/e-nable.co\/index.php\/wp-json\/wp\/v2\/comments?post=13"}],"version-history":[{"count":12,"href":"https:\/\/e-nable.co\/index.php\/wp-json\/wp\/v2\/pages\/13\/revisions"}],"predecessor-version":[{"id":144,"href":"https:\/\/e-nable.co\/index.php\/wp-json\/wp\/v2\/pages\/13\/revisions\/144"}],"wp:attachment":[{"href":"https:\/\/e-nable.co\/index.php\/wp-json\/wp\/v2\/media?parent=13"}],"curies":[{"name":"wp","href":"https:\/\/api.w.org\/{rel}","templated":true}]}}