{"id":15,"date":"2015-08-21T15:04:29","date_gmt":"2015-08-21T15:04:29","guid":{"rendered":"http:\/\/e-nable-latinoamerica.com\/?page_id=15"},"modified":"2016-12-25T03:24:41","modified_gmt":"2016-12-25T03:24:41","slug":"3d-work-projects","status":"publish","type":"page","link":"https:\/\/e-nable.co\/index.php\/3d-work-projects\/","title":{"rendered":"\u00a1Ay\u00fadanos a ayudar!"},"content":{"rendered":"<p><iframe loading=\"lazy\" width=\"1170\" height=\"658\" src=\"https:\/\/www.youtube.com\/embed\/Ggx-cthRFMw?feature=oembed\" frameborder=\"0\" allowfullscreen><\/iframe><\/p>\n<p>\u00a1Ay\u00fadanos a ayudar!<\/p>\n<p>Por ahora tenemos tres necesidades principales, si crees que puedes aportar de una forma distinta, cont\u00e1ctanos para hacer realidad tu aporte.<\/p>\n<p>APORTES EN DINERO<\/p>\n<p>Si quieres apoyar nuestra causa con recursos econ\u00f3micos, escr\u00edbenos y te compartiremos los t\u00e9rminos y pol\u00edticas de donaci\u00f3n\u00a0<img loading=\"lazy\" decoding=\"async\" class=\"https:\/\/www.facebook.com\/materializacion3d\/\u00a0 alignnone wp-image-115\" title=\"https:\/\/www.facebook.com\/materializacion3d\/\" src=\"https:\/\/e-nable.co\/wp-content\/uploads\/2015\/08\/facebook-f-logo.png\" width=\"59\" height=\"59\" srcset=\"https:\/\/e-nable.co\/wp-content\/uploads\/2015\/08\/facebook-f-logo.png 1600w, https:\/\/e-nable.co\/wp-content\/uploads\/2015\/08\/facebook-f-logo-150x150.png 150w, https:\/\/e-nable.co\/wp-content\/uploads\/2015\/08\/facebook-f-logo-300x300.png 300w, https:\/\/e-nable.co\/wp-content\/uploads\/2015\/08\/facebook-f-logo-768x768.png 768w, https:\/\/e-nable.co\/wp-content\/uploads\/2015\/08\/facebook-f-logo-1024x1024.png 1024w\" sizes=\"auto, (max-width: 59px) 100vw, 59px\" \/><\/p>\n<p>TRABAJO VOLUNTARIO<\/p>\n<p>Tienes buenas bases y conocimiento en modelado mec\u00e1nico y dise\u00f1o 3D, sabes manejar una impresora 3D, eres fisioterapeuta, ingeniero o dise\u00f1ador, nosotros ponemos el material y los recursos, \u00a1t\u00fa, una mano con ayuda!<\/p>\n<p>RECURSOS PARA IMPRIMIR M\u00c1S MANOS<\/p>\n<p>Puedes contribuir a la construcci\u00f3n de m\u00e1s dispositivos biomec\u00e1nicos impresos en 3D, donando principalmente los siguientes materiales:<\/p>\n<p>Filamento para impresi\u00f3n 3D.<\/p>\n<p>Filamento tipo Flexible.<\/p>\n<p>Filamento tipo fibra de carbono.<\/p>\n<p>Impresoras 3D.<\/p>\n<p>Esc\u00e1ner 3D.<\/p>\n<p>Servomotores.<\/p>\n<p>Tarjetas programables.<\/p>\n<p>Goma tipo Eva.<\/p>\n<p>Sensores mioel\u00e9ctricos.<\/p>\n<p>Si tienes alg\u00fan material del cual tengas dudas, escr\u00edbenos y con gusto la resolveremos.<\/p>\n<p>Help us!<\/p>\n<p>For now we have three main needs, if you think you can contribute in a different way, contact us to make your contribution a reality.<\/p>\n<p>CASH CONTRIBUTIONS<\/p>\n<p>If you want to support our cause with economic resources, contact us and we will share our <a href=\"http:\/\/materializacion3d.com\/comunicado-de-normas-de-comunicacion-y-recepcion-de-donaciones\/\" target=\"_blank\">normas de donations<\/a>.<\/p>\n<p>VOLUNTEER<\/p>\n<p>You have a good foundation and knowledge in mechanical 3D modeling and design, you know how to use a 3D printer, you&#8217;re physiotherapist, engineer or designer, we put the material and resources and you a hand with help!<\/p>\n<p>PRINT MORE RESOURCES FOR HANDS<\/p>\n<p>You can contribute to building more printed 3D printed hands, mainly by donating the following materials:<\/p>\n<p>3D printing filament.<\/p>\n<p>Flexible filament<\/p>\n<p>Carbon fiber filament<\/p>\n<p>3D printers.<\/p>\n<p>3D scanner.<\/p>\n<p>Servomotors.<\/p>\n<p>Programmable cards.<\/p>\n<p>Myoelectric sensors.<\/p>\n<p>If you have any material which in doubt, write us and we will gladly resolve it.<\/p>\n<p>&nbsp;<\/p>\n<p><iframe loading=\"lazy\" width=\"1170\" height=\"878\" src=\"https:\/\/www.youtube.com\/embed\/dstlv_mEoLA?feature=oembed\" frameborder=\"0\" allowfullscreen><\/iframe><\/p>\n<p>&nbsp;<\/p>\n<p><iframe loading=\"lazy\" width=\"1170\" height=\"878\" src=\"https:\/\/www.youtube.com\/embed\/1Od1cUl25Kk?feature=oembed\" frameborder=\"0\" allowfullscreen><\/iframe><\/p>\n<p><iframe loading=\"lazy\" width=\"1170\" height=\"658\" src=\"https:\/\/www.youtube.com\/embed\/urg_eyq85H0?feature=oembed\" frameborder=\"0\" allowfullscreen><\/iframe><\/p>\n<p><iframe loading=\"lazy\" width=\"1170\" height=\"658\" src=\"https:\/\/www.youtube.com\/embed\/RpB5HtPUnD8?feature=oembed\" frameborder=\"0\" allowfullscreen><\/iframe><\/p>\n<p><iframe loading=\"lazy\" width=\"1170\" height=\"658\" src=\"https:\/\/www.youtube.com\/embed\/_dNo5b8wZWs?feature=oembed\" frameborder=\"0\" allowfullscreen><\/iframe><\/p>\n<p><iframe loading=\"lazy\" width=\"1170\" height=\"658\" src=\"https:\/\/www.youtube.com\/embed\/0ADSb7M8zYY?feature=oembed\" frameborder=\"0\" allowfullscreen><\/iframe><\/p>\n<p>&nbsp;<\/p>\n<p>&nbsp;<\/p>\n","protected":false},"excerpt":{"rendered":"<p>\u00a1Ay\u00fadanos a ayudar! Por ahora tenemos tres necesidades principales, si crees que puedes aportar de una forma distinta, cont\u00e1ctanos para hacer realidad tu aporte. APORTES EN DINERO Si quieres apoyar nuestra causa con recursos econ\u00f3micos, escr\u00edbenos y te compartiremos los t\u00e9rminos y pol\u00edticas de donaci\u00f3n\u00a0 TRABAJO VOLUNTARIO Tienes buenas bases y conocimiento en modelado mec\u00e1nico [&hellip;]<\/p>\n","protected":false},"author":1,"featured_media":0,"parent":0,"menu_order":0,"comment_status":"closed","ping_status":"open","template":"","meta":{"footnotes":""},"class_list":["post-15","page","type-page","status-publish","hentry"],"_links":{"self":[{"href":"https:\/\/e-nable.co\/index.php\/wp-json\/wp\/v2\/pages\/15","targetHints":{"allow":["GET"]}}],"collection":[{"href":"https:\/\/e-nable.co\/index.php\/wp-json\/wp\/v2\/pages"}],"about":[{"href":"https:\/\/e-nable.co\/index.php\/wp-json\/wp\/v2\/types\/page"}],"author":[{"embeddable":true,"href":"https:\/\/e-nable.co\/index.php\/wp-json\/wp\/v2\/users\/1"}],"replies":[{"embeddable":true,"href":"https:\/\/e-nable.co\/index.php\/wp-json\/wp\/v2\/comments?post=15"}],"version-history":[{"count":5,"href":"https:\/\/e-nable.co\/index.php\/wp-json\/wp\/v2\/pages\/15\/revisions"}],"predecessor-version":[{"id":147,"href":"https:\/\/e-nable.co\/index.php\/wp-json\/wp\/v2\/pages\/15\/revisions\/147"}],"wp:attachment":[{"href":"https:\/\/e-nable.co\/index.php\/wp-json\/wp\/v2\/media?parent=15"}],"curies":[{"name":"wp","href":"https:\/\/api.w.org\/{rel}","templated":true}]}}