{"id":17,"date":"2015-08-21T15:04:53","date_gmt":"2015-08-21T15:04:53","guid":{"rendered":"http:\/\/e-nable-latinoamerica.com\/?page_id=17"},"modified":"2016-08-26T02:37:29","modified_gmt":"2016-08-26T02:37:29","slug":"3d-printing","status":"publish","type":"page","link":"https:\/\/e-nable.co\/index.php\/3d-printing\/","title":{"rendered":"3D Printing"},"content":{"rendered":"<h3>IMPRESION 3D<\/h3>\n<p><img loading=\"lazy\" decoding=\"async\" class=\"wp-image-95 size-full\" src=\"https:\/\/e-nable.co\/wp-content\/uploads\/2015\/08\/Estandar-baja-300x300.jpg\" width=\"300\" height=\"300\" srcset=\"https:\/\/e-nable.co\/wp-content\/uploads\/2015\/08\/Estandar-baja-300x300.jpg 300w, https:\/\/e-nable.co\/wp-content\/uploads\/2015\/08\/Estandar-baja-300x300-150x150.jpg 150w\" sizes=\"auto, (max-width: 300px) 100vw, 300px\" \/><\/p>\n<p>&nbsp;<\/p>\n<p>Una impresora 3D es una m\u00e1quina capaz de crear f\u00edsicamente objetos de dise\u00f1o digital. Esta m\u00e1quina est\u00e1 revolucionando la industria de la manufactura.<\/p>\n<p>Con esta tecnolog\u00eda puedas construir y fabricar objetos en tu propia casa o tienda, los art\u00edculos que anteriormente ten\u00edan que mandar a hacer en las grandes f\u00e1bricas.<\/p>\n<p>La facilidad de dise\u00f1o y construcci\u00f3n de prototipos nos permite hacer m\u00faltiples pruebas, lo que fomenta la innovaci\u00f3n.<\/p>\n<p>Nuevas herramientas de dise\u00f1o en colaboraci\u00f3n con las comunidades que comparten sus dise\u00f1os con licencias abiertas han motivado muchas nuevas invenciones.<\/p>\n<p>Una impresora 3D le permite descargar, copiar, modificar, compartir y mezclar objetos digitales.<\/p>\n<p>El potencial de estos dispositivos llega hasta el punto de que una impresora puede imprimir todas las piezas para construir otra impresora &#8220;maquinas que se replican as\u00ed mismas&#8221;.<\/p>\n<p>Archivos digitales, software y hardware abierto est\u00e1n disponibles en internet para libre descarga, todo es posible ahora, lo que ha hecho emerger una gran cantidad de emprendimientos e impresoras de bajo costo f\u00e1ciles de construir en casa. Es parte del comienzo de una nueva revoluci\u00f3n industrial. Este es un momento en el que podemos dise\u00f1ar, crear prototipos, construir y vender desde tu propio hogar.<\/p>\n<p><iframe loading=\"lazy\" width=\"1170\" height=\"658\" src=\"https:\/\/www.youtube.com\/embed\/gRU-PIV0Leg?feature=oembed\" frameborder=\"0\" allowfullscreen><\/iframe><br \/>\nA 3D printer is a machine capable of creating objects from digital designs. This machine is revolutionizing the manufacturing industry. It allows an individual build-in their own home or shop &#8211; Items which previously had to send to make in large factories. The ease of designing and building prototypes allows us to do multiple trials, which encourages innovation. New tools for collaborative design with communities that share their designs with open licenses have encouraged a lot of new inventions. A 3D printer lets you download, copy, modify, share and mix objects. The potential of these devices is get to the point that a printer can print parts to build another printer. It is already in the printer market with schematic drawings and open software and hardware, which has made it emerge a lot of inexpensive printers easy to build at home. It is part of the beginning of a new industrial revolution. This is a time where we can design, prototype, build and sell in a garage.<\/p>\n<p><a href=\"https:\/\/e-nable.co\/wp-content\/uploads\/2015\/08\/logo-make-r.png\" class=\"grouped_elements\" rel=\"tc-fancybox-group17\"><img loading=\"lazy\" decoding=\"async\" class=\"alignnone size-full wp-image-62\" src=\"https:\/\/e-nable.co\/wp-content\/uploads\/2015\/08\/logo-make-r.png\" alt=\"logo-make-r\" width=\"144\" height=\"147\" \/><\/a> <a href=\"https:\/\/e-nable.co\/wp-content\/uploads\/2015\/08\/logo-protolab.png\" class=\"grouped_elements\" rel=\"tc-fancybox-group17\"><img loading=\"lazy\" decoding=\"async\" class=\"alignnone size-full wp-image-63\" src=\"https:\/\/e-nable.co\/wp-content\/uploads\/2015\/08\/logo-protolab.png\" alt=\"logo-protolab\" width=\"147\" height=\"103\" \/><\/a> <a href=\"https:\/\/e-nable.co\/wp-content\/uploads\/2015\/08\/logo-bogohack.jpg\" class=\"grouped_elements\" rel=\"tc-fancybox-group17\"><img loading=\"lazy\" decoding=\"async\" class=\"alignnone size-full wp-image-64\" src=\"https:\/\/e-nable.co\/wp-content\/uploads\/2015\/08\/logo-bogohack.jpg\" alt=\"logo-bogohack\" width=\"136\" height=\"96\" \/><\/a><\/p>\n<p>&nbsp;<\/p>\n","protected":false},"excerpt":{"rendered":"<p>IMPRESION 3D &nbsp; Una impresora 3D es una m\u00e1quina capaz de crear f\u00edsicamente objetos de dise\u00f1o digital. Esta m\u00e1quina est\u00e1 revolucionando la industria de la manufactura. Con esta tecnolog\u00eda puedas construir y fabricar objetos en tu propia casa o tienda, los art\u00edculos que anteriormente ten\u00edan que mandar a hacer en las grandes f\u00e1bricas. La facilidad [&hellip;]<\/p>\n","protected":false},"author":1,"featured_media":0,"parent":0,"menu_order":0,"comment_status":"closed","ping_status":"open","template":"","meta":{"footnotes":""},"class_list":["post-17","page","type-page","status-publish","hentry"],"_links":{"self":[{"href":"https:\/\/e-nable.co\/index.php\/wp-json\/wp\/v2\/pages\/17","targetHints":{"allow":["GET"]}}],"collection":[{"href":"https:\/\/e-nable.co\/index.php\/wp-json\/wp\/v2\/pages"}],"about":[{"href":"https:\/\/e-nable.co\/index.php\/wp-json\/wp\/v2\/types\/page"}],"author":[{"embeddable":true,"href":"https:\/\/e-nable.co\/index.php\/wp-json\/wp\/v2\/users\/1"}],"replies":[{"embeddable":true,"href":"https:\/\/e-nable.co\/index.php\/wp-json\/wp\/v2\/comments?post=17"}],"version-history":[{"count":3,"href":"https:\/\/e-nable.co\/index.php\/wp-json\/wp\/v2\/pages\/17\/revisions"}],"predecessor-version":[{"id":118,"href":"https:\/\/e-nable.co\/index.php\/wp-json\/wp\/v2\/pages\/17\/revisions\/118"}],"wp:attachment":[{"href":"https:\/\/e-nable.co\/index.php\/wp-json\/wp\/v2\/media?parent=17"}],"curies":[{"name":"wp","href":"https:\/\/api.w.org\/{rel}","templated":true}]}}