{"id":80,"date":"2015-08-20T15:41:24","date_gmt":"2015-08-20T15:41:24","guid":{"rendered":"http:\/\/e-nable-latinoamerica.com\/?page_id=5"},"modified":"2017-03-13T02:15:57","modified_gmt":"2017-03-13T02:15:57","slug":"choca-esos5","status":"publish","type":"page","link":"https:\/\/e-nable.co\/","title":{"rendered":"Home"},"content":{"rendered":"<p>La iniciativa de\u00a0j\u00f3venes, voluntarios, inventores, makers, personas obstinadas en encontrar soluciones que ponen\u00a0sus conocimientos y avances en tecnolog\u00eda al servicio de la humanidad usando el crowfunding c\u00f3mo herramienta para financiar proyectos y crear un c\u00edrculo de ayuda en d\u00f3nde todos los que quieran se pueden unir \u00bfTe unes a este sue\u00f1o?<\/p>\n<p>We are young, volunteers, inventors, makers, stubborn people finding solutions to What?. Everything you can. We put our knowledge and advances in technology for humanity using the tool crowfunding how to finance our projects and help create a circle where everyone who wants can join and crash five. Are you ready to you join this dream?<\/p>\n<p>&nbsp;<\/p>\n<p>El 6.5% de la poblaci\u00f3n colombiana sufre alg\u00fan tipo de discapacidad y los recursos del estado no son suficientes para cubrir necesidades como, pr\u00f3tesis para ni\u00f1os sin extremidades. La medici\u00f3n, fabricaci\u00f3n y rehabilitaci\u00f3n para aprender el uso de este es un procedimiento caro e imposible de costear para miles de familias en Colombia. Nosotros queremos cambiar esta realidad, \u00a1solo necesitamos que nos choques esos cinco!<\/p>\n<p>6.5% of the Colombian population suffers from some form of disability and state resources are insufficient to meet needs as children without prosthetic limbs. The measurement, fabrication and rehabilitation to learn to use this is an expensive and impossible procedure afford to thousands of families in Colombia. We want to change this reality, we need only crash five!<\/p>\n<p><img loading=\"lazy\" decoding=\"async\" class=\"alignnone size-full wp-image-136\" src=\"https:\/\/e-nable.co\/wp-content\/uploads\/2016\/12\/newenable.png\" alt=\"Presentacion Proyecto Protesis 3D\" width=\"960\" height=\"720\" \/><\/p>\n<p><img loading=\"lazy\" decoding=\"async\" class=\"alignnone size-full wp-image-91\" src=\"https:\/\/e-nable.co\/wp-content\/uploads\/2015\/08\/M3D.png\" alt=\"M3D\" width=\"960\" height=\"720\" srcset=\"https:\/\/e-nable.co\/wp-content\/uploads\/2015\/08\/M3D.png 960w, https:\/\/e-nable.co\/wp-content\/uploads\/2015\/08\/M3D-300x225.png 300w, https:\/\/e-nable.co\/wp-content\/uploads\/2015\/08\/M3D-768x576.png 768w\" sizes=\"auto, (max-width: 960px) 100vw, 960px\" \/><\/p>\n<p>En nuestro primer proyecto nos ligamos a la red e-NABLE enfocada en temas de biomec\u00e1nica e impresi\u00f3n 3D. Buscando mejorar la calidad de vida a partir del uso de la tecnolog\u00eda.<\/p>\n<p>In our first project we link to e-NABLE network focused on issues of biomechanics and 3D printing. seeking to improve the quality of life through the use of technology.<\/p>\n<p>Esto nos permitir\u00e1 desarrollar soluciones a un bajo costo gracias a la filosof\u00eda libertad que invita a usar y compartir los conocimientos y avances a la red de ayuda sin \u00e1nimo de lucro. En otras palabras, todos los desarrolladores que se unen a e-Nable regalan sus avances para que las personas que lo necesiten puedan hacer uso de ellos.<\/p>\n<p>This will allow us to develop a low-cost solutions thanks to the freedom philosophy invites you to use and share knowledge and advances to support network nonprofit. In other words, all the developers who join e-Nable give away their advances for people who need to make use of them.<\/p>\n<p><iframe loading=\"lazy\" width=\"1170\" height=\"658\" src=\"https:\/\/www.youtube.com\/embed\/qCsB4iTcNX0?feature=oembed\" frameborder=\"0\" allowfullscreen><\/iframe><\/p>\n<p>Desde Colombia hacemos nuestro aporte con desarrollo 100% local, personalizando cada uno de los prototipos de pr\u00f3tesis tratando de llegar siempre al m\u00e1s bajo costo, pero con un dise\u00f1o liviano y funcional para ser usado por ni\u00f1os.<\/p>\n<p>From Colombia we make our contribution to developing a 100% local, customizing each prosthesis prototype trying to always get the lowest cost, but with a lightweight and functional for use by children design.<\/p>\n<p>Los tiempos de respuesta que damos son infinitamente m\u00e1s r\u00e1pidos que la soluci\u00f3n tradicional lo que contribuye a bajar costos, dando esperanza a muchos m\u00e1s ni\u00f1os de recibir una soluci\u00f3n a tiempo que nunca imaginaron.<\/p>\n<p>Response times that we are infinitely faster than the traditional solution which contributes to lower costs, giving hope to many more children receive a solution in time than ever imagined.<\/p>\n<p>Este es un proyecto que sabemos c\u00f3mo comenz\u00f3 pero a\u00fan no podemos imaginar c\u00f3mo termina, porque d\u00eda a d\u00eda se unen m\u00e1s colaboradores trayendo soluciones que nos permiten so\u00f1ar en grande.<\/p>\n<p>In this project we know how it started but we can\u00b4t even imagine how it will ends, because every day more contributors come together bringing solutions that allow us to dream big.<\/p>\n<p><iframe loading=\"lazy\" width=\"1170\" height=\"658\" src=\"https:\/\/www.youtube.com\/embed\/zd25FRS1QR0?feature=oembed\" frameborder=\"0\" allowfullscreen><\/iframe><\/p>\n<p>\u00bfTe imaginas convertir todos los desperdicios pl\u00e1sticos en manos impresas en 3D? hoy en d\u00eda es posible con desarrolladores completamente locales.<\/p>\n<p>Can you imagine convert all plastic waste in 3D handprints? Today it is completely possible with local developers.<\/p>\n<p>Desde innovadores, prototipadores, fabricantes, aficionados, ingenieros, m\u00e9dicos o simplemente voluntarios con el \u00e1nimo de ayudar, estamos todos trabajando para avanzar con esta soluci\u00f3n en impresi\u00f3n 3D.<\/p>\n<p>&nbsp;<\/p>\n<p>From innovative, prototypers, manufacturers, hobbyists, engineers, doctors or simply encourage volunteers to help, we are all working to advance this solution in 3D printing.<\/p>\n<p><a href=\"https:\/\/www.facebook.com\/M3DEnable\/\">https:\/\/www.facebook.com\/M3DEnable\/<\/a><\/p>\n<p>&nbsp;<\/p>\n","protected":false},"excerpt":{"rendered":"<p>La iniciativa de\u00a0j\u00f3venes, voluntarios, inventores, makers, personas obstinadas en encontrar soluciones que ponen\u00a0sus conocimientos y avances en tecnolog\u00eda al servicio de la humanidad usando el crowfunding c\u00f3mo herramienta para financiar proyectos y crear un c\u00edrculo de ayuda en d\u00f3nde todos los que quieran se pueden unir \u00bfTe unes a este sue\u00f1o? We are young, volunteers, [&hellip;]<\/p>\n","protected":false},"author":1,"featured_media":0,"parent":0,"menu_order":0,"comment_status":"closed","ping_status":"open","template":"","meta":{"footnotes":""},"class_list":["post-80","page","type-page","status-publish","hentry"],"_links":{"self":[{"href":"https:\/\/e-nable.co\/index.php\/wp-json\/wp\/v2\/pages\/80","targetHints":{"allow":["GET"]}}],"collection":[{"href":"https:\/\/e-nable.co\/index.php\/wp-json\/wp\/v2\/pages"}],"about":[{"href":"https:\/\/e-nable.co\/index.php\/wp-json\/wp\/v2\/types\/page"}],"author":[{"embeddable":true,"href":"https:\/\/e-nable.co\/index.php\/wp-json\/wp\/v2\/users\/1"}],"replies":[{"embeddable":true,"href":"https:\/\/e-nable.co\/index.php\/wp-json\/wp\/v2\/comments?post=80"}],"version-history":[{"count":13,"href":"https:\/\/e-nable.co\/index.php\/wp-json\/wp\/v2\/pages\/80\/revisions"}],"predecessor-version":[{"id":157,"href":"https:\/\/e-nable.co\/index.php\/wp-json\/wp\/v2\/pages\/80\/revisions\/157"}],"wp:attachment":[{"href":"https:\/\/e-nable.co\/index.php\/wp-json\/wp\/v2\/media?parent=80"}],"curies":[{"name":"wp","href":"https:\/\/api.w.org\/{rel}","templated":true}]}}