{"id":9,"date":"2015-08-21T13:56:14","date_gmt":"2015-08-21T13:56:14","guid":{"rendered":"http:\/\/e-nable-latinoamerica.com\/?page_id=9"},"modified":"2016-08-26T02:38:14","modified_gmt":"2016-08-26T02:38:14","slug":"e-nable-group","status":"publish","type":"page","link":"https:\/\/e-nable.co\/index.php\/e-nable-group\/","title":{"rendered":"E-Nable Group"},"content":{"rendered":"<h2 class=\"font_2\" style=\"font-size: 18px;\"><code style=\"display: none;\"><br \/>\n<\/code><span style=\"text-shadow: #ffffff -1px -1px 0px, #ffffff -1px 1px 0px, #ffffff 1px 1px 0px, #ffffff 1px -1px 0px;\"> <code style=\"display: none;\"><br \/>\n<\/code><span style=\"font-weight: bold;\"> <code style=\"display: none;\"><br \/>\n<\/code><\/span><\/span><span style=\"text-shadow: #ffffff -1px -1px 0px, #ffffff -1px 1px 0px, #ffffff 1px 1px 0px, #ffffff 1px -1px 0px;\"><span style=\"font-weight: bold;\"> <code style=\"display: none;\"><br \/>\n<\/code><\/span> <code style=\"display: none;\"><br \/>\n<\/code><\/span> <code style=\"display: none;\"><br \/>\n<\/code><\/h2>\n<h2><code style=\"display: none;\"><br \/>\n<\/code>A network of passionate volunteers using 3D printing to give the World a &#8220;Helping Hand.&#8221;<\/h2>\n<p><a href=\"http:\/\/enablingthefuture.org\/\" target=\"_blank\">http:\/\/enablingthefuture.org\/<\/a><\/p>\n<h2><a href=\"http:\/\/www.enablingthefuture.org\/\" target=\"_blank\"><img loading=\"lazy\" decoding=\"async\" class=\"wp-image-41 size-full aligncenter\" src=\"https:\/\/e-nable.co\/wp-content\/uploads\/2015\/08\/enablingthefuture_map.png\" class=\"grouped_elements\" rel=\"tc-fancybox-group9\" alt=\"enablingthefuture_map\" width=\"877\" height=\"561\" srcset=\"https:\/\/e-nable.co\/wp-content\/uploads\/2015\/08\/enablingthefuture_map.png 877w, https:\/\/e-nable.co\/wp-content\/uploads\/2015\/08\/enablingthefuture_map-300x192.png 300w, https:\/\/e-nable.co\/wp-content\/uploads\/2015\/08\/enablingthefuture_map-768x491.png 768w\" sizes=\"auto, (max-width: 877px) 100vw, 877px\" \/><\/a> <code style=\"display: none;\"><br \/>\n<\/code><\/h2>\n<p class=\"font_8\" dir=\"ltr\"><code style=\"display: none;\"><br \/>\n<\/code> <code style=\"display: none;\"><br \/>\n<\/code><\/p>\n<p>What originally started out as a couple of guys who created a 3D printed hand to help one child in need\u2026has grown into a World wide Global Community of thinkerers, engineers, 3D print enthusiasts, occupational therapists, university professors, designers, parents, families, artists, students, teachers and people who just want to make a difference\u2026who are creating hands for people in need and sharing their designs with the World for free.<\/p>\n<p>They are coming together to create, innovate, re-design and give a \u201cHelping hand\u201d to those that need it \u2013 whether it is helping to print parts for them, creating a completed device for them or simply helping to guide them as they build one themselves.<br \/>\nThere are people around the Globe \u2013 3d printing fingers and hands for children they will never meet, classes of high school students who are making hands for children in their local communities, a group of people that are risking their lives to get these devices onto people in 3rd World countries and new stories every day of parents working with their children to make a hand together.<\/p>\n<p>The seed was planted and the Tree is branching out, growing and becoming more beautiful than ever imagined!<\/p>\n<p><strong>Come watch it grow with us!<\/strong><\/p>\n<p><strong>Thanks! E-NABLE Group.<\/strong><\/p>\n<h3>NORMAS DE SEGURIDAD<\/h3>\n<p>e-NABLE es un Dispositivo que se declara bajo los siguientes lineamientos de seguridad:<\/p>\n<p>Basado en las pruebas preliminares y observaciones sobre la funcionalidad y capacidades del dispositivo prot\u00e9sico impreso en 3D se considera que en la actualidad no son seguros para la operaci\u00f3n de maquinaria pesada, manipulaci\u00f3n de herramientas, equipo y veh\u00edculos debido a un desarrollo bajo la fuerza de agarre. Estos dispositivos prot\u00e9sicos han demostrado, sin embargo, proporcionar alguna funcionalidad para las actividades de prensi\u00f3n de objetos flexibles, pero no es en absoluto un sustituto de una mano en pleno funcionamiento. Adem\u00e1s, no recomendamos el uso de nuestro 3D la pr\u00f3tesis experimental para los ni\u00f1os peque\u00f1os (es decir, menores de 3 a\u00f1os de edad) debido a una mayor tasa de ca\u00edda al suelo y la tendencia a tropezar y la necesidad de informaci\u00f3n sensorial a trav\u00e9s de la estimulaci\u00f3n oral. Por otra parte, no se sabe si la pr\u00f3tesis experimental impresa en 3D es capaz de mantener la mordedura de un ni\u00f1o peque\u00f1o sin romperse. Por favor revise y considere las siguientes recomendaciones y precauciones con respecto el dispositivo prot\u00e9sico impresos en 3D<\/p>\n<h3>Recomendaciones generales para el dispositivo prot\u00e9sico impresos en 3D.<\/h3>\n<h4>Seguridad F\u00edsica:<\/h4>\n<ul>\n<li>Trabajar con su m\u00e9dico o profesional en medicina para el uso apropiado y el horario de uso de su dispositivo prot\u00e9sico impreso en 3D<\/li>\n<li>Estos dispositivos est\u00e1n hechos con pl\u00e1stico de baja temperatura y no deben ser expuestos a temperaturas superiores a 120 \u00b0 grados. Un dispositivo prot\u00e9sico 3D impreso dejado en un coche en un d\u00eda caluroso puede resultar da\u00f1ado.<\/li>\n<li>Con cualquier pr\u00f3tesis hay una posibilidad de desarrollar \u00falceras por presi\u00f3n. Si el enrojecimiento se desarrolla despu\u00e9s de ser usada para el caso de un ensayo de entre 15-20 minutos por favor p\u00f3ngase en contacto con el proveedor del dispositivo, para reevaluar en forma y adaptaci\u00f3n del mismo. Si el enrojecimiento persiste por favor p\u00f3ngase en contacto con su proveedor de atenci\u00f3n m\u00e9dica.<\/li>\n<li>Controle el dispositivo para revisar los temas como el desgaste y p\u00f3ngase en contacto con su proveedor para obtener ayuda con la sustituci\u00f3n de piezas desgastadas o rotas.<\/li>\n<li>Los usuarios deben asumir que el dispositivo podr\u00eda romperse en cualquier momento, incluso mientras que est\u00e1 en uso para las tareas que han funcionado en el pasado, debido a que la velocidad a la que alcanza la fatiga de las partes de pl\u00e1stico y deben ser reemplazadas es desconocida.<\/li>\n<li>No utilice el dispositivo para levantar agua hirviendo de la estufa (pasta por ejemplo, cocinar) o para levantar los platos de comida muy caliente de un horno de microondas o de un horno caliente o cualquier otra situaci\u00f3n en la que un fallo del dispositivo experimental podr\u00eda causar lesiones indirectamente si el material caliente se cae o se derrama.<\/li>\n<\/ul>\n<h4>Seguridad y Salud<\/h4>\n<ul>\n<li>Deje que la mano respire en forma que el sudor excesivo y otros componentes no puedan causar o dar lugar a problemas de la piel.<\/li>\n<li>Se recomienda el uso de un calcet\u00edn de pr\u00f3tesis para las personas con piel sensible.<\/li>\n<li>Aseg\u00farese de que usted no tiene reacciones al\u00e9rgicas al material utilizado para imprimir el dispositivo prot\u00e9sico impresos en 3D.<\/li>\n<li>Aseg\u00farese de que el dispositivo prot\u00e9sico impresos en 3D es c\u00f3modo.<\/li>\n<li>Aseg\u00farese de que la mano mec\u00e1nica est\u00e1 funcionando con el prop\u00f3sito correcto.<\/li>\n<li>Comience a utilizar la mano de una manera progresiva. Si los m\u00fasculos de la articulaci\u00f3n de la mu\u00f1eca est\u00e1n cansados, ser\u00eda una buena idea tomar un descanso y continuar usando la mano mec\u00e1nica al d\u00eda siguiente.<\/li>\n<\/ul>\n<h4>Seguridad para Ni\u00f1os<\/h4>\n<ul>\n<li>El ni\u00f1o tiene que ser supervisado en todo momento durante el uso de estas manos mec\u00e1nicas.<\/li>\n<li>Los ni\u00f1os peque\u00f1os no se puede confiar en tener en cuenta los elementos de Seguridad y Salud mencionadas anteriormente. Es responsabilidad del cuidador para comprobar si hay alg\u00fan problema con el ni\u00f1o utilizando un dispositivo prot\u00e9sico impreso en 3D.<\/li>\n<li>Deje que el ni\u00f1o use \/ juegue con el dispositivo en un horario muy conservador de manera progresiva entre 5-10 minutos a la vez, o incluso menos. Si al ni\u00f1o le gusta el dispositivo y est\u00e1 dispuesto a usarlo, d\u00e9jelo trabajar hasta que lo pueda usar por per\u00edodos m\u00e1s largos de tiempo gradualmente. Hable con un pediatra u otro profesional m\u00e9dico sobre cu\u00e1nto uso es seguro para el ni\u00f1o, y qu\u00e9 otros problemas a tener en cuenta.<br \/>\nSi su hijo siente dolor en la articulaci\u00f3n de la mu\u00f1eca o el codo, por favor deje de usar la mano mec\u00e1nica. Esto puede ser un signo de una lesi\u00f3n por sobreuso.<\/li>\n<li>Si cualquiera de los componentes del dispositivo prot\u00e9sico impresos en 3D se rompe, por favor, deje de usarlo y avise inmediatamente a su proveedor<\/li>\n<li>Aseg\u00farese de que el hardware y otras partes m\u00f3viles no est\u00e1n sueltas, especialmente para los ni\u00f1os peque\u00f1os que corren el riesgo de ahogarse con objetos extra\u00f1os.<\/li>\n<li>El uso de dispositivos prot\u00e9sicos impresos en 3D debe ser coordinado con los proveedores los maestros y los cuidadores de la salud del ni\u00f1o.<\/li>\n<li>El dispositivo prot\u00e9sico 3D impresa no est\u00e1 hecho para soportar peso o soportar el peso del cuerpo, por lo que al aire libre o ante el juego brusco debe ser monitoreado de cerca.<\/li>\n<li>Los ni\u00f1os que no caminan o est\u00e1n inestables sobre sus pies no pueden ser candidatos para este dispositivo ya que una ca\u00edda con el dispositivo prot\u00e9sico impreso en 3D puede resultar en una lesi\u00f3n mayor.<\/li>\n<\/ul>\n<h4>Instrucciones de limpieza:<\/h4>\n<p>El dispositivo prot\u00e9sico impreso en 3D puede ser limpiado con agua tibia y un detergente suave. Si se desarrolla olor en el dispositivo, la limpieza con crema de afeitar puede ayudar a disipar el olor. Si las tiras de velcro se desgastan o son ineficaces, por favor p\u00f3ngase en contacto con el proveedor de su pr\u00f3tesis de mano para el reemplazo.<\/p>\n<p>Exenci\u00f3n de Responsabilidad y acuerdo eximente del proveedor.<\/p>\n<p>Usted reconoce que entiende que la fundaci\u00f3n e-NABLE es una fundaci\u00f3n sin fines de lucro para fomentar el desarrollo y la difusi\u00f3n de las pr\u00f3tesis para los ni\u00f1os y adultos que utilizan la tecnolog\u00eda de impresi\u00f3n 3D. La Fundaci\u00f3n generalmente no crea el dise\u00f1o o planos ni fabrica ni imprime los componentes, conjuntos o pr\u00f3tesis definitivas basadas en estos dise\u00f1os, ni certifica los dise\u00f1os o componentes que funcionan correctamente o satisfacen cualquiera regulaci\u00f3n con requisitos.<\/p>\n<p>Este apartado est\u00e1 destinado a reflejar el limitado papel de la Fundaci\u00f3n en el desarrollo del dise\u00f1o y los componentes. La persona que firma a continuaci\u00f3n (&#8220;Usted&#8221;) es o el destinatario individual del dise\u00f1o o de los componentes si el destinatario individual es mayor de edad seg\u00fan la legislaci\u00f3n de la jurisdicci\u00f3n relevante o el padre o tutor legal del ni\u00f1o si el destinatario individual es un ni\u00f1o menor las leyes de la jurisdicci\u00f3n relevante.<\/p>\n<p>Usted acepta que cualquier dise\u00f1o o componente que se provee por la Fundaci\u00f3n o por cualquier individuo asociado con la Fundaci\u00f3n se proporciona &#8220;TAL CUAL&#8221; y sin representaci\u00f3n o garant\u00eda de ning\u00fan tipo, expresas o impl\u00edcitas, y est\u00e1 destinada a ser un regalo.<\/p>\n<p>Al aceptar cualquier dise\u00f1o o componente, reconozco adem\u00e1s que tal dise\u00f1o o componente, no se ha evaluado ni aprobado por ninguna autoridad reguladora. En general, el dise\u00f1o ha sido desarrollado por una persona o una empresa que puede ser miembro de la comunidad de e-NABLE, pero no es un empleado o contratista de la Fundaci\u00f3n. Del mismo modo si el componente general no se ha fabricado o impreso por una persona o empresa que es miembro de la comunidad de e-NABLE, pero una vez m\u00e1s no es un empleado o contratista independiente de la Fundaci\u00f3n.<\/p>\n<p>Usted entiende que cualquier dise\u00f1o o componente que se provee por la Fundaci\u00f3n est\u00e1 destinado a beneficiar a un destinatario individual que tiene necesidad de una tecnolog\u00eda de la mano de ayuda, y no pretende, y no podr\u00e1n ser utilizados, para uso comercial.<\/p>\n<p>Si usted es un adulto bajo las leyes de la jurisdicci\u00f3n relevante y es el destinatario individual, Usted reconoce que usted entiende los riesgos potenciales del uso del dise\u00f1o o de componentes y expresamente asume esos riesgos. Si el destinatario individual es un ni\u00f1o bajo las leyes de la jurisdicci\u00f3n pertinente, Usted declara que usted es el padre o tutor legal del ni\u00f1o y que usted entiende los riesgos potenciales del uso del dise\u00f1o o de componentes y expresamente asume esos riesgos en nombre del destinatario individual.<\/p>\n<p>Adem\u00e1s, usted (ya sea para usted o su hijo) libera y descarga de responsabilidad para siempre la Fundaci\u00f3n y sus funcionarios, empleados, contratistas, subcontratistas, voluntarios y agentes (&#8220;Exoner\u00e1ndolos&#8221;) de cualquier y toda responsabilidad por los actos o omisi\u00f3n- incluidos los actos u omisiones negligentes que puedan causar da\u00f1os, p\u00e9rdidas, lesiones o la muerte del individuo receptor de la utilizaci\u00f3n del dise\u00f1o o el componente.<\/p>\n<p>Usted acepta librar de cualquier y toda responsabilidad o deficiencia incluida por negligencia a evento que surja en relaci\u00f3n con o como resultado del uso individual o mal uso de un dise\u00f1o o componente del dispositivo prot\u00e9sico impresos en 3D<\/p>\n<p>Usted entiende y acepta que la Fundaci\u00f3n y cualquier persona asociada con la Fundaci\u00f3n no ser\u00e1n responsables por cualquier lesi\u00f3n o da\u00f1os, incluyendo los da\u00f1os indirectos, incidentales, indirectos, punitivos o especiales, resultantes de o que surjan de la utilizaci\u00f3n del dise\u00f1o o Componente de la Fundaci\u00f3n o cualquier persona vinculada a la Fundaci\u00f3n.<\/p>\n<p>Cualquier informaci\u00f3n proporcionada por la Fundaci\u00f3n y cualquier persona asociada con la Fundaci\u00f3n no est\u00e1 destinada a ser utilizado o confiable para diagnosticar o tratar un problema de salud o enfermedad y la Fundaci\u00f3n no hace ninguna afirmaci\u00f3n en cuanto al dise\u00f1o o los componentes.<\/p>\n<p>Usted debe considerar consultar con un profesional de la salud competente antes de colocar el componente.<\/p>\n<p>Lea cuidadosamente todas las etiquetas y preste atenci\u00f3n a todas las instrucciones y precauciones que acompa\u00f1an a los componentes. Todas las declaraciones realizadas por la Fundaci\u00f3n son s\u00f3lo para fines informativos y no pretenden sustituir los servicios o recomendaciones de un m\u00e9dico u otro profesional de la salud calificado.<\/p>\n<p>Usted reconoce que esta de acuerdo se rige por las leyes del Estado Colombiano (sin referencia a su conflicto de disposiciones legales) y las partes tienen la intenci\u00f3n de que este Acuerdo sea tan amplio e inclusivo como lo permita la ley. Si alguna parte de este Acuerdo es considerada inv\u00e1lida por cualquier raz\u00f3n, el resto del Acuerdo continuar\u00e1 permaneciendo en pleno vigor y efecto y seguir\u00e1n siendo vinculantes los par\u00e1grafos y letras del mismo.<\/p>\n<p>Todas las donaciones se destinan a mantener el funcionamiento de la fundaci\u00f3n en el tiempo, as\u00ed como dar la oportunidad de traer m\u00e1s dispositivos prot\u00e9sicos impresos en 3D a los ni\u00f1os de bajos recursos en Colombia.<\/p>\n<p>Ha le\u00eddo cuidadosamente las disposiciones anteriores y entiende su contenido.<\/p>\n<p><strong>Firma: Destinatario del dispositivo prot\u00e9sico impresos en 3D<\/strong><\/p>\n<p><code style=\"display: none;\"><br \/>\n<\/code> <code style=\"display: none;\"><br \/>\n<\/code><\/p>\n","protected":false},"excerpt":{"rendered":"<p>A network of passionate volunteers using 3D printing to give the World a &#8220;Helping Hand.&#8221; http:\/\/enablingthefuture.org\/ What originally started out as a couple of guys who created a 3D printed hand to help one child in need\u2026has grown into a World wide Global Community of thinkerers, engineers, 3D print enthusiasts, occupational therapists, university professors, designers, [&hellip;]<\/p>\n","protected":false},"author":1,"featured_media":0,"parent":0,"menu_order":0,"comment_status":"closed","ping_status":"open","template":"","meta":{"footnotes":""},"class_list":["post-9","page","type-page","status-publish","hentry"],"_links":{"self":[{"href":"https:\/\/e-nable.co\/index.php\/wp-json\/wp\/v2\/pages\/9","targetHints":{"allow":["GET"]}}],"collection":[{"href":"https:\/\/e-nable.co\/index.php\/wp-json\/wp\/v2\/pages"}],"about":[{"href":"https:\/\/e-nable.co\/index.php\/wp-json\/wp\/v2\/types\/page"}],"author":[{"embeddable":true,"href":"https:\/\/e-nable.co\/index.php\/wp-json\/wp\/v2\/users\/1"}],"replies":[{"embeddable":true,"href":"https:\/\/e-nable.co\/index.php\/wp-json\/wp\/v2\/comments?post=9"}],"version-history":[{"count":1,"href":"https:\/\/e-nable.co\/index.php\/wp-json\/wp\/v2\/pages\/9\/revisions"}],"predecessor-version":[{"id":119,"href":"https:\/\/e-nable.co\/index.php\/wp-json\/wp\/v2\/pages\/9\/revisions\/119"}],"wp:attachment":[{"href":"https:\/\/e-nable.co\/index.php\/wp-json\/wp\/v2\/media?parent=9"}],"curies":[{"name":"wp","href":"https:\/\/api.w.org\/{rel}","templated":true}]}}